{"id":833,"date":"2024-07-15T07:36:54","date_gmt":"2024-07-15T07:36:54","guid":{"rendered":"https:\/\/theopah.com\/?post_type=product&#038;p=833"},"modified":"2024-07-19T18:09:11","modified_gmt":"2024-07-19T18:09:11","slug":"5-days-ayahuasca-retreat-april-2025","status":"publish","type":"product","link":"https:\/\/theopah.com\/fr\/produit\/5-days-ayahuasca-retreat-april-2025\/","title":{"rendered":"Retraite Ayahuasca de 5 jours"},"content":{"rendered":"<p><strong>Dates Coming Soon<\/strong><\/p>\n<p>Experience the magic of\u00a0<strong>The Opah Retreat<\/strong>\u00a0Rejoignez-nous pour une retraite inoubliable de 5 jours, combinant c\u00e9r\u00e9monies d'Ayahuasca, San Pedro et de yoga, de la m\u00e9ditation, et des ateliers de sound healing. Guid\u00e9e par nos chamans exp\u00e9riment\u00e9s, cette retraite offre une exp\u00e9rience immersive dans un cadre luxueux et unique. Les participants b\u00e9n\u00e9ficieront de sessions individuelles et de groupe pour une int\u00e9gration optimale des enseignements qu\u2019ils recevront pendant leur s\u00e9jour.<\/p>\n<p>&nbsp;<\/p>\n<p>ONLINE BOOKING AND PAYMENT ARE COMING SOON. To reserve, message us at &#8220;contact@theopah.com&#8221; or by whatsapp.<\/p>","protected":false},"excerpt":{"rendered":"<p>Dates Coming Soon Experience the magic of\u00a0The Opah Retreat\u00a0this October, where healing and luxury go hand in hand. Set against the beautiful Mediterranean backdrop, our retreat offers a unique journey with Ayahuasca, Rap\u00e9, and Cacao ceremonies. Guided by our experienced facilitators, Ania and Elliott, you\u2019ll embark on a path of transformation and self-discovery. Enjoy daily [&hellip;]<\/p>","protected":false},"featured_media":876,"comment_status":"open","ping_status":"closed","template":"","meta":[],"product_brand":[],"product_cat":[22],"product_tag":[],"class_list":{"0":"post-833","1":"product","2":"type-product","3":"status-publish","4":"has-post-thumbnail","6":"product_cat-uncategorized","8":"first","9":"instock","10":"virtual","11":"sold-individually","12":"purchasable","13":"product-type-booking"},"_links":{"self":[{"href":"https:\/\/theopah.com\/fr\/wp-json\/wp\/v2\/product\/833","targetHints":{"allow":["GET"]}}],"collection":[{"href":"https:\/\/theopah.com\/fr\/wp-json\/wp\/v2\/product"}],"about":[{"href":"https:\/\/theopah.com\/fr\/wp-json\/wp\/v2\/types\/product"}],"replies":[{"embeddable":true,"href":"https:\/\/theopah.com\/fr\/wp-json\/wp\/v2\/comments?post=833"}],"wp:featuredmedia":[{"embeddable":true,"href":"https:\/\/theopah.com\/fr\/wp-json\/wp\/v2\/media\/876"}],"wp:attachment":[{"href":"https:\/\/theopah.com\/fr\/wp-json\/wp\/v2\/media?parent=833"}],"wp:term":[{"taxonomy":"product_brand","embeddable":true,"href":"https:\/\/theopah.com\/fr\/wp-json\/wp\/v2\/product_brand?post=833"},{"taxonomy":"product_cat","embeddable":true,"href":"https:\/\/theopah.com\/fr\/wp-json\/wp\/v2\/product_cat?post=833"},{"taxonomy":"product_tag","embeddable":true,"href":"https:\/\/theopah.com\/fr\/wp-json\/wp\/v2\/product_tag?post=833"}],"curies":[{"name":"wp","href":"https:\/\/api.w.org\/{rel}","templated":true}]}}