{"id":789,"date":"2024-07-14T09:02:06","date_gmt":"2024-07-14T09:02:06","guid":{"rendered":"https:\/\/theopah.com\/?page_id=789"},"modified":"2024-09-23T07:46:48","modified_gmt":"2024-09-23T07:46:48","slug":"accueil","status":"publish","type":"page","link":"https:\/\/theopah.com\/fr\/accueil\/","title":{"rendered":"Accueil"},"content":{"rendered":"<div data-elementor-type=\"wp-page\" data-elementor-id=\"789\" class=\"elementor elementor-789\" data-elementor-post-type=\"page\">\n\t\t\t\t<div class=\"elementor-element elementor-element-f2f04a8 e-flex e-con-boxed e-con e-parent\" data-id=\"f2f04a8\" data-element_type=\"container\" data-e-type=\"container\" data-settings=\"{&quot;background_background&quot;:&quot;classic&quot;}\">\n\t\t\t\t\t<div class=\"e-con-inner\">\n\t\t\t\t<div class=\"elementor-element elementor-element-a795a2f elementor-widget__width-initial elementor-position-top elementor-widget elementor-widget-image-box\" data-id=\"a795a2f\" data-element_type=\"widget\" data-e-type=\"widget\" data-widget_type=\"image-box.default\">\n\t\t\t\t<div class=\"elementor-widget-container\">\n\t\t\t\t\t<div class=\"elementor-image-box-wrapper\"><figure class=\"elementor-image-box-img\"><img fetchpriority=\"high\" decoding=\"async\" width=\"2006\" height=\"708\" src=\"https:\/\/theopah.com\/wp-content\/uploads\/2024\/06\/f0f0762c20960f4cb34f3e0e3a2f949d.png\" class=\"attachment-full size-full wp-image-84\" alt=\"the opah\" \/><\/figure><div class=\"elementor-image-box-content\"><p class=\"elementor-image-box-description\">Retraite Ayahuasca haut de gamme en Espagne. <\/p><\/div><\/div>\t\t\t\t<\/div>\n\t\t\t\t<\/div>\n\t\t<div class=\"elementor-element elementor-element-b0a8b49 e-con-full e-flex e-con e-child\" data-id=\"b0a8b49\" data-element_type=\"container\" data-e-type=\"container\" data-settings=\"{&quot;background_background&quot;:&quot;classic&quot;}\">\n\t\t\t\t<div class=\"elementor-element elementor-element-95a2683 elementor--h-position-center elementor--v-position-middle elementor-widget elementor-widget-slides\" data-id=\"95a2683\" data-element_type=\"widget\" data-e-type=\"widget\" data-settings=\"{&quot;navigation&quot;:&quot;none&quot;,&quot;autoplay&quot;:&quot;yes&quot;,&quot;pause_on_hover&quot;:&quot;yes&quot;,&quot;pause_on_interaction&quot;:&quot;yes&quot;,&quot;autoplay_speed&quot;:5000,&quot;infinite&quot;:&quot;yes&quot;,&quot;transition&quot;:&quot;slide&quot;,&quot;transition_speed&quot;:500}\" data-widget_type=\"slides.default\">\n\t\t\t\t<div class=\"elementor-widget-container\">\n\t\t\t\t\t\t\t\t\t<div class=\"elementor-swiper\">\n\t\t\t\t\t<div class=\"elementor-slides-wrapper elementor-main-swiper swiper\" role=\"region\" aria-roledescription=\"carousel\" aria-label=\"Diapositives\" dir=\"ltr\" data-animation=\"fadeInUp\">\n\t\t\t\t<div class=\"swiper-wrapper elementor-slides\">\n\t\t\t\t\t\t\t\t\t\t<div class=\"elementor-repeater-item-76c8dd0 swiper-slide\" role=\"group\" aria-roledescription=\"slide\"><div class=\"swiper-slide-bg\" role=\"img\"><\/div><div class=\"swiper-slide-inner\" ><div class=\"swiper-slide-contents\"><div  class=\"elementor-button elementor-slide-button elementor-size-sm\">Nos retraites <b> spirituelles <\/b><\/div><\/div><\/div><\/div><div class=\"elementor-repeater-item-3428af0 swiper-slide\" role=\"group\" aria-roledescription=\"slide\"><div class=\"swiper-slide-bg\" role=\"img\"><\/div><div class=\"swiper-slide-inner\" ><div class=\"swiper-slide-contents\"><div  class=\"elementor-button elementor-slide-button elementor-size-sm\"><b>Malaga<\/b><\/div><\/div><\/div><\/div><div class=\"elementor-repeater-item-8cff5c7 swiper-slide\" role=\"group\" aria-roledescription=\"slide\"><div class=\"swiper-slide-bg\" role=\"img\"><\/div><div class=\"swiper-slide-inner\" ><div class=\"swiper-slide-contents\"><div  class=\"elementor-button elementor-slide-button elementor-size-sm\"><b>Espagne<\/b><\/div><\/div><\/div><\/div>\t\t\t\t<\/div>\n\t\t\t\t\t\t\t\t\t\t\t\t\t\t\t\t\t\t\t\t\t<\/div>\n\t\t\t\t<\/div>\n\t\t\t\t\t\t\t\t<\/div>\n\t\t\t\t<\/div>\n\t\t\t\t<div class=\"elementor-element elementor-element-30a0962 elementor-absolute elementor-view-default elementor-widget elementor-widget-icon\" data-id=\"30a0962\" data-element_type=\"widget\" data-e-type=\"widget\" data-settings=\"{&quot;_position&quot;:&quot;absolute&quot;}\" data-widget_type=\"icon.default\">\n\t\t\t\t<div class=\"elementor-widget-container\">\n\t\t\t\t\t\t\t<div class=\"elementor-icon-wrapper\">\n\t\t\t<div class=\"elementor-icon\">\n\t\t\t<svg xmlns=\"http:\/\/www.w3.org\/2000\/svg\" viewbox=\"0 0 154.31 153.88\"><g><g id=\"Calque_1\"><path d=\"M72.68,63.01C48.71,49.17,25.5,35.78,1.91,22.16c.58-1.04,1-2.06,1.64-2.9,4.28-5.57,9.36-8.41,16.29-4.53,15.39,4.22,30.78,8.43,46.17,12.65.63.17,1.24.42,1.94.67,4.41-2.38,6.44-7.79,11.57-9.03,7.97,2.97,9.84,7.71,4.93,13.62,4.83,1.25,9.45,2.45,13.83,3.59,7.71-7.65,15.31-14.67,22.3-22.26,6.96-7.56,15.56-11.58,25.29-13.76,5.36-1.2,9.46,2.67,8.24,7.95-2.19,9.49-5.86,18.11-13.3,24.98-7.7,7.11-14.85,14.82-22.52,22.55.39,4.63,2.13,9.2,3.38,14.08,1.21-1.02,2.22-1.88,3.14-2.65,6.04-.21,8.23,1.48,10.33,7.91-1.38,4.71-6.09,6.82-8.84,10.9,1.45,5.5,2.87,11.23,4.47,16.91,3.35,11.88,6.8,23.73,10.21,35.59.89,3.11.42,5.93-1.96,8.25-1.98,1.94-4.01,3.83-6.49,6.19-14.09-23.85-27.31-47.44-41.31-71.25-12.98,12.71-24.87,26.23-40.89,35.26.09,1.69-.08,3.2.29,4.57,1.88,6.99,3.91,13.94,5.85,20.92.43,1.56.7,3.17,1.13,5.15-2.48,2.06-4.9,4.08-7.61,6.34-3.14-3.73-5.16-8.61-7.86-13.05-2.66-4.38-5.23-8.81-7.94-13.39-2.58.91-5.16,1.83-8.47,2.99-.53-.63-1.13-1.36-1.82-2.17,1.01-2.8,1.89-5.27,2.95-8.2-8.72-5.09-17.66-10.31-26.86-15.68,1.76-3.14,4.44-5.07,7.11-7.6,9.87,1.66,19.38,5.57,29.82,7.44,9.37-15.8,22.63-28.14,35.75-41.2Z\"><\/path><\/g><\/g><\/svg>\t\t\t<\/div>\n\t\t<\/div>\n\t\t\t\t\t\t<\/div>\n\t\t\t\t<\/div>\n\t\t\t\t<\/div>\n\t\t\t\t\t<\/div>\n\t\t\t\t<\/div>\n\t\t<div class=\"elementor-element elementor-element-c942f8a e-flex e-con-boxed e-con e-parent\" data-id=\"c942f8a\" data-element_type=\"container\" data-e-type=\"container\">\n\t\t\t\t\t<div class=\"e-con-inner\">\n\t\t\t\t<div class=\"elementor-element elementor-element-ccd08d6 elementor-widget elementor-widget-icon-box\" data-id=\"ccd08d6\" data-element_type=\"widget\" data-e-type=\"widget\" data-widget_type=\"icon-box.default\">\n\t\t\t\t<div class=\"elementor-widget-container\">\n\t\t\t\t\t\t\t<div class=\"elementor-icon-box-wrapper\">\n\n\t\t\t\n\t\t\t\t\t\t<div class=\"elementor-icon-box-content\">\n\n\t\t\t\t\t\t\t\t\t<h3 class=\"elementor-icon-box-title\">\n\t\t\t\t\t\t<span  >\n\t\t\t\t\t\t\tThe Opah\t\t\t\t\t\t<\/span>\n\t\t\t\t\t<\/h3>\n\t\t\t\t\n\t\t\t\t\t\t\t\t\t<p class=\"elementor-icon-box-description\">\n\t\t\t\t\t\tWelcome to an experience like no other. Our luxurious retreats provide tailored care, ensuring each guest embarks on a journey into consciousness and holistic healing.<br>\t\t\t\t\t<\/p>\n\t\t\t\t\n\t\t\t<\/div>\n\t\t\t\n\t\t<\/div>\n\t\t\t\t\t\t<\/div>\n\t\t\t\t<\/div>\n\t\t<div class=\"elementor-element elementor-element-b223ca1 e-con-full e-flex e-con e-child\" data-id=\"b223ca1\" data-element_type=\"container\" data-e-type=\"container\">\n\t\t\t\t<div class=\"elementor-element elementor-element-64f89da elementor-widget elementor-widget-heading\" data-id=\"64f89da\" data-element_type=\"widget\" data-e-type=\"widget\" data-settings=\"{&quot;motion_fx_motion_fx_scrolling&quot;:&quot;yes&quot;,&quot;motion_fx_translateY_effect&quot;:&quot;yes&quot;,&quot;motion_fx_translateY_speed&quot;:{&quot;unit&quot;:&quot;px&quot;,&quot;size&quot;:3.3,&quot;sizes&quot;:[]},&quot;motion_fx_translateY_affectedRange&quot;:{&quot;unit&quot;:&quot;%&quot;,&quot;size&quot;:&quot;&quot;,&quot;sizes&quot;:{&quot;start&quot;:0,&quot;end&quot;:48}},&quot;motion_fx_devices&quot;:[&quot;widescreen&quot;,&quot;desktop&quot;,&quot;laptop&quot;,&quot;tablet&quot;,&quot;mobile&quot;]}\" data-widget_type=\"heading.default\">\n\t\t\t\t<div class=\"elementor-widget-container\">\n\t\t\t\t\t<h2 class=\"elementor-heading-title elementor-size-default\"><h2 class=\"elementor-heading-title elementor-size-default elementor-inline-editing pen\" data-elementor-setting-key=\"title\" data-pen-placeholder=\"Type Here...\" style=\"font-family: Poppins, sans-serif;font-weight: 400;line-height: 24px;font-size: 16px;text-transform: uppercase;letter-spacing: 10px;text-align: center\">si tu lis<br><i><span style=\"font-weight: 700\">ceci<\/span><\/i><br>c'est que quelque chose<br>a d\u00e9j\u00e0 commenc\u00e9<\/h2><\/h2>\t\t\t\t<\/div>\n\t\t\t\t<\/div>\n\t\t\t\t<\/div>\n\t\t\t\t\t<\/div>\n\t\t\t\t<\/div>\n\t\t<div class=\"elementor-element elementor-element-23fcd18 e-con-full e-flex e-con e-parent\" data-id=\"23fcd18\" data-element_type=\"container\" data-e-type=\"container\">\n\t\t\t\t<div class=\"elementor-element elementor-element-d836705 elementor-cta--skin-cover elementor-cta--valign-middle elementor-widget__width-initial elementor-widget-tablet__width-inherit elementor-animated-content elementor-bg-transform elementor-bg-transform-zoom-in elementor-widget elementor-widget-call-to-action\" data-id=\"d836705\" data-element_type=\"widget\" data-e-type=\"widget\" data-widget_type=\"call-to-action.default\">\n\t\t\t\t<div class=\"elementor-widget-container\">\n\t\t\t\t\t\t\t<div class=\"elementor-cta\">\n\t\t\t\t\t<div class=\"elementor-cta__bg-wrapper\">\n\t\t\t\t<div class=\"elementor-cta__bg elementor-bg\" style=\"background-image: url(https:\/\/theopah.com\/wp-content\/uploads\/2024\/07\/Linzir_organic_dark_sand_dune_-ar_169_9f9b7127-5347-4139-a45a-5f3089382e7aUPUP-e1720628548559.png);\" role=\"img\" aria-label=\"The Opah Retreat\"><\/div>\n\t\t\t\t<div class=\"elementor-cta__bg-overlay\"><\/div>\n\t\t\t<\/div>\n\t\t\t\t\t\t\t<div class=\"elementor-cta__content\">\n\t\t\t\t\n\t\t\t\t\n\t\t\t\t\n\t\t\t\t\t\t\t\t\t<div class=\"elementor-cta__button-wrapper elementor-cta__content-item elementor-content-item elementor-animated-item--grow\">\n\t\t\t\t\t<a class=\"elementor-cta__button elementor-button elementor-size-\" href=\"https:\/\/theopah.com\/fr\/faqs\/\">\n\t\t\t\t\t\tR\u00e9ponses \u00e0 tes questions\t\t\t\t\t<\/a>\n\t\t\t\t\t<\/div>\n\t\t\t\t\t\t\t<\/div>\n\t\t\t\t\t\t<\/div>\n\t\t\t\t\t\t<\/div>\n\t\t\t\t<\/div>\n\t\t\t\t<div class=\"elementor-element elementor-element-7957847 elementor-cta--skin-cover elementor-cta--valign-middle elementor-widget__width-initial elementor-widget-tablet__width-inherit elementor-animated-content elementor-bg-transform elementor-bg-transform-zoom-in elementor-widget elementor-widget-call-to-action\" data-id=\"7957847\" data-element_type=\"widget\" data-e-type=\"widget\" data-widget_type=\"call-to-action.default\">\n\t\t\t\t<div class=\"elementor-widget-container\">\n\t\t\t\t\t\t\t<div class=\"elementor-cta\">\n\t\t\t\t\t<div class=\"elementor-cta__bg-wrapper\">\n\t\t\t\t<div class=\"elementor-cta__bg elementor-bg\" style=\"background-image: url(https:\/\/theopah.com\/wp-content\/uploads\/2024\/07\/Linzir_organic_dark_sand_dune_-ar_169_9f9b7127-5347-4139-a45a-5f3089382e7aUPUP-1-e1720628630494.png);\" role=\"img\" aria-label=\"The Opah Retreat\"><\/div>\n\t\t\t\t<div class=\"elementor-cta__bg-overlay\"><\/div>\n\t\t\t<\/div>\n\t\t\t\t\t\t\t<div class=\"elementor-cta__content\">\n\t\t\t\t\n\t\t\t\t\n\t\t\t\t\n\t\t\t\t\t\t\t\t\t<div class=\"elementor-cta__button-wrapper elementor-cta__content-item elementor-content-item elementor-animated-item--grow\">\n\t\t\t\t\t<a class=\"elementor-cta__button elementor-button elementor-size-\" href=\"https:\/\/theopah.com\/fr\/retreats\/\">\n\t\t\t\t\t\tNos retraites\t\t\t\t\t<\/a>\n\t\t\t\t\t<\/div>\n\t\t\t\t\t\t\t<\/div>\n\t\t\t\t\t\t<\/div>\n\t\t\t\t\t\t<\/div>\n\t\t\t\t<\/div>\n\t\t\t\t<div class=\"elementor-element elementor-element-8dcbabf elementor-widget__width-inherit elementor-widget elementor-widget-template\" data-id=\"8dcbabf\" data-element_type=\"widget\" data-e-type=\"widget\" data-widget_type=\"template.default\">\n\t\t\t\t<div class=\"elementor-widget-container\">\n\t\t\t\t\t\t\t<div class=\"elementor-template\">\n\t\t\t\t\t<div data-elementor-type=\"container\" data-elementor-id=\"308\" class=\"elementor elementor-308\" data-elementor-post-type=\"elementor_library\">\n\t\t\t\t<div class=\"elementor-element elementor-element-aa17214 e-flex e-con-boxed e-con e-parent\" data-id=\"aa17214\" data-element_type=\"container\" data-e-type=\"container\" data-settings=\"{&quot;background_background&quot;:&quot;classic&quot;}\">\n\t\t\t\t\t<div class=\"e-con-inner\">\n\t\t\t\t<div class=\"elementor-element elementor-element-38f8dd8 elementor-widget elementor-widget-icon-box\" data-id=\"38f8dd8\" data-element_type=\"widget\" data-e-type=\"widget\" data-widget_type=\"icon-box.default\">\n\t\t\t\t<div class=\"elementor-widget-container\">\n\t\t\t\t\t\t\t<div class=\"elementor-icon-box-wrapper\">\n\n\t\t\t\n\t\t\t\t\t\t<div class=\"elementor-icon-box-content\">\n\n\t\t\t\t\t\t\t\t\t<h2 class=\"elementor-icon-box-title\">\n\t\t\t\t\t\t<span  >\n\t\t\t\t\t\t\tBook a Call with Us\t\t\t\t\t\t<\/span>\n\t\t\t\t\t<\/h2>\n\t\t\t\t\n\t\t\t\t\t\t\t\t\t<p class=\"elementor-icon-box-description\">\n\t\t\t\t\t\tDes questions ou pr\u00eat \u00e0 l\u2019aventure ?\t\t\t\t\t<\/p>\n\t\t\t\t\n\t\t\t<\/div>\n\t\t\t\n\t\t<\/div>\n\t\t\t\t\t\t<\/div>\n\t\t\t\t<\/div>\n\t\t\t\t<div class=\"elementor-element elementor-element-cc9fd4b elementor-cta--skin-classic elementor-animated-content elementor-bg-transform elementor-bg-transform-zoom-in elementor-widget elementor-widget-call-to-action\" data-id=\"cc9fd4b\" data-element_type=\"widget\" data-e-type=\"widget\" data-widget_type=\"call-to-action.default\">\n\t\t\t\t<div class=\"elementor-widget-container\">\n\t\t\t\t\t\t\t<div class=\"elementor-cta\">\n\t\t\t\t\t\t\t<div class=\"elementor-cta__content\">\n\t\t\t\t\n\t\t\t\t\n\t\t\t\t\t\t\t\t\t<div class=\"elementor-cta__description elementor-cta__content-item elementor-content-item\">\n\t\t\t\t\t\tPrenez rendez-vous avec nous d\u00e8s aujourd'hui. Parlez directement \u00e0 notre \u00e9quipe pour discuter de vos besoins et comment nous pouvons soutenir au mieux votre exp\u00e9rience.\u00a0\t\t\t\t\t<\/div>\n\t\t\t\t\n\t\t\t\t\t\t\t\t\t<div class=\"elementor-cta__button-wrapper elementor-cta__content-item elementor-content-item\">\n\t\t\t\t\t<a class=\"elementor-cta__button elementor-button elementor-size-\" href=\"https:\/\/meet.brevo.com\/the-opah-retreat\" target=\"_blank\" rel=\"noopener\">\n\t\t\t\t\t\tAppelons-nous !\t\t\t\t\t<\/a>\n\t\t\t\t\t<\/div>\n\t\t\t\t\t\t\t<\/div>\n\t\t\t\t\t\t<\/div>\n\t\t\t\t\t\t<\/div>\n\t\t\t\t<\/div>\n\t\t\t\t\t<\/div>\n\t\t\t\t<\/div>\n\t\t\t\t<\/div>\n\t\t\t\t<\/div>\n\t\t\t\t\t\t<\/div>\n\t\t\t\t<\/div>\n\t\t\t\t<\/div>\n\t\t\t\t<\/div>","protected":false},"excerpt":{"rendered":"<p>Premium Ayahuasca retreat in Spain. Nos retraites spirituelles MalagaSouth of Spain The Opah Welcome to an experience like no other. Our luxurious retreats provide tailored care, ensuring each guest embarks on a journey into consciousness and holistic healing. IF YOU&#8217;RE READINGTHISSOMETHING ISALREADY HAPPENINg Answers to your questions Our Retreats<\/p>","protected":false},"author":1,"featured_media":0,"parent":0,"menu_order":0,"comment_status":"closed","ping_status":"closed","template":"elementor_header_footer","meta":{"footnotes":""},"class_list":["post-789","page","type-page","status-publish","hentry"],"rttpg_featured_image_url":null,"rttpg_author":{"display_name":"emma.m.gerard@gmail.com","author_link":"https:\/\/theopah.com\/fr\/author\/emma-m-gerardgmail-com\/"},"rttpg_comment":0,"rttpg_category":null,"rttpg_excerpt":"Premium Ayahuasca retreat in Spain. Nos retraites spirituelles MalagaSouth of Spain The Opah Welcome to an experience like no other. Our luxurious retreats provide tailored care, ensuring each guest embarks on a journey into consciousness and holistic healing. IF YOU&#8217;RE READINGTHISSOMETHING ISALREADY HAPPENINg Answers to your questions Our Retreats","_links":{"self":[{"href":"https:\/\/theopah.com\/fr\/wp-json\/wp\/v2\/pages\/789","targetHints":{"allow":["GET"]}}],"collection":[{"href":"https:\/\/theopah.com\/fr\/wp-json\/wp\/v2\/pages"}],"about":[{"href":"https:\/\/theopah.com\/fr\/wp-json\/wp\/v2\/types\/page"}],"author":[{"embeddable":true,"href":"https:\/\/theopah.com\/fr\/wp-json\/wp\/v2\/users\/1"}],"replies":[{"embeddable":true,"href":"https:\/\/theopah.com\/fr\/wp-json\/wp\/v2\/comments?post=789"}],"version-history":[{"count":4,"href":"https:\/\/theopah.com\/fr\/wp-json\/wp\/v2\/pages\/789\/revisions"}],"predecessor-version":[{"id":1618,"href":"https:\/\/theopah.com\/fr\/wp-json\/wp\/v2\/pages\/789\/revisions\/1618"}],"wp:attachment":[{"href":"https:\/\/theopah.com\/fr\/wp-json\/wp\/v2\/media?parent=789"}],"curies":[{"name":"wp","href":"https:\/\/api.w.org\/{rel}","templated":true}]}}