{"id":136,"date":"2024-06-27T05:48:39","date_gmt":"2024-06-27T05:48:39","guid":{"rendered":"https:\/\/theopah.com\/?page_id=136"},"modified":"2024-08-16T07:49:07","modified_gmt":"2024-08-16T07:49:07","slug":"contact-us","status":"publish","type":"page","link":"https:\/\/theopah.com\/fr\/contact-us\/","title":{"rendered":"Nous contacter"},"content":{"rendered":"<div data-elementor-type=\"wp-page\" data-elementor-id=\"136\" class=\"elementor elementor-136\" data-elementor-post-type=\"page\">\n\t\t\t\t<div class=\"elementor-element elementor-element-1ec6316 e-flex e-con-boxed e-con e-parent\" data-id=\"1ec6316\" data-element_type=\"container\" data-e-type=\"container\">\n\t\t\t\t\t<div class=\"e-con-inner\">\n\t\t\t\t\t<\/div>\n\t\t\t\t<\/div>\n\t\t<div class=\"elementor-element elementor-element-a3fd26e e-flex e-con-boxed e-con e-parent\" data-id=\"a3fd26e\" data-element_type=\"container\" data-e-type=\"container\" data-settings=\"{&quot;background_background&quot;:&quot;classic&quot;}\">\n\t\t\t\t\t<div class=\"e-con-inner\">\n\t\t\t\t\t<\/div>\n\t\t\t\t<\/div>\n\t\t<div class=\"elementor-element elementor-element-ff46520 e-con-full e-flex e-con e-parent\" data-id=\"ff46520\" data-element_type=\"container\" data-e-type=\"container\">\n\t\t\t\t<div class=\"elementor-element elementor-element-68e88ff elementor-widget elementor-widget-template\" data-id=\"68e88ff\" data-element_type=\"widget\" data-e-type=\"widget\" data-widget_type=\"template.default\">\n\t\t\t\t<div class=\"elementor-widget-container\">\n\t\t\t\t\t\t\t<div class=\"elementor-template\">\n\t\t\t\t\t<div data-elementor-type=\"container\" data-elementor-id=\"320\" class=\"elementor elementor-320\" data-elementor-post-type=\"elementor_library\">\n\t\t\t\t<div class=\"elementor-element elementor-element-b59ca2e e-flex e-con-boxed e-con e-parent\" data-id=\"b59ca2e\" data-element_type=\"container\" data-e-type=\"container\" data-settings=\"{&quot;background_background&quot;:&quot;classic&quot;}\">\n\t\t\t\t\t<div class=\"e-con-inner\">\n\t\t<div class=\"elementor-element elementor-element-079e9ab e-con-full e-flex e-con e-child\" data-id=\"079e9ab\" data-element_type=\"container\" data-e-type=\"container\">\n\t\t\t\t<div class=\"elementor-element elementor-element-03b6ab6 elementor-widget elementor-widget-image-box\" data-id=\"03b6ab6\" data-element_type=\"widget\" data-e-type=\"widget\" data-widget_type=\"image-box.default\">\n\t\t\t\t<div class=\"elementor-widget-container\">\n\t\t\t\t\t<div class=\"elementor-image-box-wrapper\"><div class=\"elementor-image-box-content\"><h3 class=\"elementor-image-box-title\">Restons en contact ! \u2665<br><\/h3><p class=\"elementor-image-box-description\">Des questions ou pr\u00eat \u00e0 l\u2019aventure ? Prenez rendez-vous avec nous d\u00e8s aujourd'hui. Parlez directement \u00e0 notre \u00e9quipe pour discuter de vos besoins et comment nous pouvons soutenir au mieux votre exp\u00e9rience. \n<\/p><\/div><\/div>\t\t\t\t<\/div>\n\t\t\t\t<\/div>\n\t\t\t\t<div class=\"elementor-element elementor-element-2018e84 elementor-widget__width-initial elementor-widget-mobile__width-inherit elementor-icon-list--layout-traditional elementor-list-item-link-full_width elementor-widget elementor-widget-icon-list\" data-id=\"2018e84\" data-element_type=\"widget\" data-e-type=\"widget\" data-widget_type=\"icon-list.default\">\n\t\t\t\t<div class=\"elementor-widget-container\">\n\t\t\t\t\t\t\t<ul class=\"elementor-icon-list-items\">\n\t\t\t\t\t\t\t<li class=\"elementor-icon-list-item\">\n\t\t\t\t\t\t\t\t\t\t\t<a href=\"tel:+33%207%2087%2011%2009%2037\">\n\n\t\t\t\t\t\t\t\t\t\t\t\t<span class=\"elementor-icon-list-icon\">\n\t\t\t\t\t\t\t<svg xmlns=\"http:\/\/www.w3.org\/2000\/svg\" width=\"16\" height=\"17\" viewbox=\"0 0 16 17\" fill=\"none\"><g id=\"telephone-call (2) 1\"><path id=\"Vector\" d=\"M14.6965 12.2874C14.2595 11.9209 11.6965 10.2979 11.2705 10.3724C11.0705 10.4079 10.9175 10.5784 10.508 11.0669C10.3186 11.3074 10.1107 11.5326 9.886 11.7404C9.47439 11.641 9.07597 11.4933 8.699 11.3004C7.22064 10.5807 6.02632 9.38599 5.307 7.90742C5.11412 7.53046 4.96643 7.13203 4.867 6.72042C5.07486 6.49577 5.30006 6.2878 5.5405 6.09842C6.0285 5.68892 6.1995 5.53692 6.235 5.33592C6.3095 4.90892 4.685 2.34692 4.32 1.90992C4.167 1.72892 4.028 1.60742 3.85 1.60742C3.334 1.60742 1 4.49342 1 4.86742C1 4.89792 1.05 7.90242 4.8445 11.7629C8.705 15.5574 11.7095 15.6074 11.74 15.6074C12.114 15.6074 15 13.2734 15 12.7574C15 12.5794 14.8785 12.4404 14.6965 12.2874Z\" fill=\"white\"><\/path><path id=\"Vector_2\" d=\"M11.5 8.10742H12.5C12.4988 7.04692 12.077 6.0302 11.3271 5.28031C10.5772 4.53042 9.5605 4.10861 8.5 4.10742V5.10742C9.29541 5.10822 10.058 5.42454 10.6204 5.98698C11.1829 6.54942 11.4992 7.31202 11.5 8.10742Z\" fill=\"white\"><\/path><path id=\"Vector_3\" d=\"M14 8.10742H15C14.998 6.38412 14.3126 4.73198 13.094 3.51342C11.8754 2.29486 10.2233 1.60941 8.5 1.60742V2.60742C9.95816 2.60914 11.3561 3.18916 12.3872 4.22023C13.4183 5.25131 13.9983 6.64926 14 8.10742Z\" fill=\"white\"><\/path><\/g><\/svg>\t\t\t\t\t\t<\/span>\n\t\t\t\t\t\t\t\t\t\t<span class=\"elementor-icon-list-text\">+33 7 87 11 09 37<\/span>\n\t\t\t\t\t\t\t\t\t\t\t<\/a>\n\t\t\t\t\t\t\t\t\t<\/li>\n\t\t\t\t\t\t<\/ul>\n\t\t\t\t\t\t<\/div>\n\t\t\t\t<\/div>\n\t\t\t\t<div class=\"elementor-element elementor-element-86cde34 elementor-widget__width-initial elementor-widget-mobile__width-inherit elementor-icon-list--layout-traditional elementor-list-item-link-full_width elementor-widget elementor-widget-icon-list\" data-id=\"86cde34\" data-element_type=\"widget\" data-e-type=\"widget\" data-widget_type=\"icon-list.default\">\n\t\t\t\t<div class=\"elementor-widget-container\">\n\t\t\t\t\t\t\t<ul class=\"elementor-icon-list-items\">\n\t\t\t\t\t\t\t<li class=\"elementor-icon-list-item\">\n\t\t\t\t\t\t\t\t\t\t\t<a href=\"mailto:contact@theopah.com\">\n\n\t\t\t\t\t\t\t\t\t\t\t\t<span class=\"elementor-icon-list-icon\">\n\t\t\t\t\t\t\t<svg xmlns=\"http:\/\/www.w3.org\/2000\/svg\" width=\"16\" height=\"17\" viewbox=\"0 0 16 17\" fill=\"none\"><g id=\"email\" clip-path=\"url(#clip0_23_793)\"><g id=\"Group\"><g id=\"Group_2\"><path id=\"Vector\" d=\"M10.3671 9.27155L9.02712 10.6161C8.48371 11.1614 7.52759 11.1732 6.97243 10.6161L5.63234 9.27155L0.819336 14.1002C0.998492 14.183 1.19602 14.2325 1.40602 14.2325H14.5935C14.8035 14.2325 15.001 14.1831 15.1801 14.1002L10.3671 9.27155Z\" fill=\"white\"><\/path><\/g><\/g><g id=\"Group_3\"><g id=\"Group_4\"><path id=\"Vector_2\" d=\"M14.5939 2.98242H1.40645C1.19645 2.98242 0.998918 3.03186 0.819824 3.1147L5.96286 8.2748C5.9632 8.27514 5.96361 8.2752 5.96395 8.27555C5.96429 8.27589 5.96436 8.27636 5.96436 8.27636L7.63664 9.95417C7.81426 10.1318 8.1862 10.1318 8.36382 9.95417L10.0358 8.27664C10.0358 8.27664 10.0362 8.27589 10.0365 8.27555C10.0365 8.27555 10.0373 8.27514 10.0376 8.2748L15.1805 3.11467C15.0014 3.0318 14.8039 2.98242 14.5939 2.98242Z\" fill=\"white\"><\/path><\/g><\/g><g id=\"Group_5\"><g id=\"Group_6\"><path id=\"Vector_3\" d=\"M0.149562 3.77032C0.056875 3.95776 0 4.16582 0 4.3887V12.8262C0 13.0491 0.0568125 13.2571 0.149531 13.4446L4.97087 8.60761L0.149562 3.77032Z\" fill=\"white\"><\/path><\/g><\/g><g id=\"Group_7\"><g id=\"Group_8\"><path id=\"Vector_4\" d=\"M15.8506 3.77026L11.0293 8.60761L15.8506 13.4446C15.9433 13.2572 16.0001 13.0491 16.0001 12.8262V4.3887C16.0001 4.16576 15.9433 3.9577 15.8506 3.77026Z\" fill=\"white\"><\/path><\/g><\/g><\/g><defs><clippath id=\"clip0_23_793\"><rect width=\"16\" height=\"16\" fill=\"white\" transform=\"translate(0 0.607422)\"><\/rect><\/clippath><\/defs><\/svg>\t\t\t\t\t\t<\/span>\n\t\t\t\t\t\t\t\t\t\t<span class=\"elementor-icon-list-text\">contact@theopah.com<\/span>\n\t\t\t\t\t\t\t\t\t\t\t<\/a>\n\t\t\t\t\t\t\t\t\t<\/li>\n\t\t\t\t\t\t<\/ul>\n\t\t\t\t\t\t<\/div>\n\t\t\t\t<\/div>\n\t\t\t\t<\/div>\n\t\t\t\t<div class=\"elementor-element elementor-element-9d5a1c7 elementor-widget__width-initial elementor-widget-tablet__width-inherit elementor-button-align-stretch elementor-widget elementor-widget-form\" data-id=\"9d5a1c7\" data-element_type=\"widget\" data-e-type=\"widget\" data-settings=\"{&quot;step_next_label&quot;:&quot;Next&quot;,&quot;step_previous_label&quot;:&quot;Previous&quot;,&quot;button_width&quot;:&quot;100&quot;,&quot;step_type&quot;:&quot;number_text&quot;,&quot;step_icon_shape&quot;:&quot;circle&quot;}\" data-widget_type=\"form.default\">\n\t\t\t\t<div class=\"elementor-widget-container\">\n\t\t\t\t\t\t\t<form class=\"elementor-form\" method=\"post\" name=\"New Form\" action=\"\">\n\t\t\t<input type=\"hidden\" name=\"post_id\" value=\"320\"\/>\n\t\t\t<input type=\"hidden\" name=\"form_id\" value=\"9d5a1c7\"\/>\n\t\t\t<input type=\"hidden\" name=\"referer_title\" value=\"\" \/>\n\n\t\t\t\n\t\t\t<div class=\"elementor-form-fields-wrapper elementor-labels-\">\n\t\t\t\t\t\t\t\t<div class=\"elementor-field-type-text elementor-field-group elementor-column elementor-field-group-first_name elementor-col-50\">\n\t\t\t\t\t\t\t\t\t\t\t\t<label for=\"form-field-first_name\" class=\"elementor-field-label elementor-screen-only\">\n\t\t\t\t\t\t\t\tPr\u00e9nom\t\t\t\t\t\t\t<\/label>\n\t\t\t\t\t\t\t\t\t\t\t\t\t\t<input size=\"1\" type=\"text\" name=\"form_fields[first_name]\" id=\"form-field-first_name\" class=\"elementor-field elementor-size-sm  elementor-field-textual\" placeholder=\"Pr\u00e9nom\">\n\t\t\t\t\t\t\t\t\t\t\t<\/div>\n\t\t\t\t\t\t\t\t<div class=\"elementor-field-type-text elementor-field-group elementor-column elementor-field-group-last_name elementor-col-50\">\n\t\t\t\t\t\t\t\t\t\t\t\t<label for=\"form-field-last_name\" class=\"elementor-field-label elementor-screen-only\">\n\t\t\t\t\t\t\t\tNom\t\t\t\t\t\t\t<\/label>\n\t\t\t\t\t\t\t\t\t\t\t\t\t\t<input size=\"1\" type=\"text\" name=\"form_fields[last_name]\" id=\"form-field-last_name\" class=\"elementor-field elementor-size-sm  elementor-field-textual\" placeholder=\"Nom\">\n\t\t\t\t\t\t\t\t\t\t\t<\/div>\n\t\t\t\t\t\t\t\t<div class=\"elementor-field-type-email elementor-field-group elementor-column elementor-field-group-email elementor-col-50 elementor-field-required\">\n\t\t\t\t\t\t\t\t\t\t\t\t<label for=\"form-field-email\" class=\"elementor-field-label elementor-screen-only\">\n\t\t\t\t\t\t\t\tEmail\t\t\t\t\t\t\t<\/label>\n\t\t\t\t\t\t\t\t\t\t\t\t\t\t<input size=\"1\" type=\"email\" name=\"form_fields[email]\" id=\"form-field-email\" class=\"elementor-field elementor-size-sm  elementor-field-textual\" placeholder=\"Email\" required=\"required\">\n\t\t\t\t\t\t\t\t\t\t\t<\/div>\n\t\t\t\t\t\t\t\t<div class=\"elementor-field-type-tel elementor-field-group elementor-column elementor-field-group-number elementor-col-50\">\n\t\t\t\t\t\t\t\t\t\t\t\t<label for=\"form-field-number\" class=\"elementor-field-label elementor-screen-only\">\n\t\t\t\t\t\t\t\tT\u00e9l\u00e9phone\t\t\t\t\t\t\t<\/label>\n\t\t\t\t\t\t\t\t<input size=\"1\" type=\"tel\" name=\"form_fields[number]\" id=\"form-field-number\" class=\"elementor-field elementor-size-sm  elementor-field-textual\" placeholder=\"T\u00e9l\u00e9phone\" pattern=\"[0-9()#&amp;+*-=.]+\" title=\"Seuls les caract\u00e8res de num\u00e9ros de t\u00e9l\u00e9phone (#, -, *, etc.) sont accept\u00e9s.\">\n\n\t\t\t\t\t\t<\/div>\n\t\t\t\t\t\t\t\t<div class=\"elementor-field-type-text elementor-field-group elementor-column elementor-field-group-address elementor-col-100\">\n\t\t\t\t\t\t\t\t\t\t\t\t<label for=\"form-field-address\" class=\"elementor-field-label elementor-screen-only\">\n\t\t\t\t\t\t\t\tAdresse\t\t\t\t\t\t\t<\/label>\n\t\t\t\t\t\t\t\t\t\t\t\t\t\t<input size=\"1\" type=\"text\" name=\"form_fields[address]\" id=\"form-field-address\" class=\"elementor-field elementor-size-sm  elementor-field-textual\" placeholder=\"Adresse\">\n\t\t\t\t\t\t\t\t\t\t\t<\/div>\n\t\t\t\t\t\t\t\t<div class=\"elementor-field-type-text elementor-field-group elementor-column elementor-field-group-post_code elementor-col-100 elementor-field-required\">\n\t\t\t\t\t\t\t\t\t\t\t\t<label for=\"form-field-post_code\" class=\"elementor-field-label elementor-screen-only\">\n\t\t\t\t\t\t\t\tCode postal\t\t\t\t\t\t\t<\/label>\n\t\t\t\t\t\t\t\t\t\t\t\t\t\t<input size=\"1\" type=\"text\" name=\"form_fields[post_code]\" id=\"form-field-post_code\" class=\"elementor-field elementor-size-sm  elementor-field-textual\" placeholder=\"Code postal\" required=\"required\">\n\t\t\t\t\t\t\t\t\t\t\t<\/div>\n\t\t\t\t\t\t\t\t<div class=\"elementor-field-type-textarea elementor-field-group elementor-column elementor-field-group-message elementor-col-100\">\n\t\t\t\t\t\t\t\t\t\t\t\t<label for=\"form-field-message\" class=\"elementor-field-label elementor-screen-only\">\n\t\t\t\t\t\t\t\tMessage\t\t\t\t\t\t\t<\/label>\n\t\t\t\t\t\t<textarea class=\"elementor-field-textual elementor-field  elementor-size-sm\" name=\"form_fields[message]\" id=\"form-field-message\" rows=\"4\" placeholder=\"Message\"><\/textarea>\t\t\t\t<\/div>\n\t\t\t\t\t\t\t\t<div class=\"elementor-field-group elementor-column elementor-field-type-submit elementor-col-100 e-form__buttons\">\n\t\t\t\t\t<button class=\"elementor-button elementor-size-sm\" type=\"submit\">\n\t\t\t\t\t\t<span class=\"elementor-button-content-wrapper\">\n\t\t\t\t\t\t\t\t\t\t\t\t\t\t\t\t\t\t\t\t\t\t<span class=\"elementor-button-text\">Envoyer !<\/span>\n\t\t\t\t\t\t\t\t\t\t\t\t\t<\/span>\n\t\t\t\t\t<\/button>\n\t\t\t\t<\/div>\n\t\t\t<\/div>\n\t\t<input type=\"hidden\" name=\"trp-form-language\" value=\"fr\"\/><\/form>\n\t\t\t\t\t\t<\/div>\n\t\t\t\t<\/div>\n\t\t\t\t\t<\/div>\n\t\t\t\t<\/div>\n\t\t\t\t<\/div>\n\t\t\t\t<\/div>\n\t\t\t\t\t\t<\/div>\n\t\t\t\t<\/div>\n\t\t\t\t<\/div>\n\t\t\t\t<\/div>","protected":false},"excerpt":{"rendered":"","protected":false},"author":1,"featured_media":0,"parent":0,"menu_order":0,"comment_status":"closed","ping_status":"closed","template":"elementor_header_footer","meta":{"footnotes":""},"class_list":["post-136","page","type-page","status-publish","hentry"],"rttpg_featured_image_url":null,"rttpg_author":{"display_name":"emma.m.gerard@gmail.com","author_link":"https:\/\/theopah.com\/fr\/author\/emma-m-gerardgmail-com\/"},"rttpg_comment":0,"rttpg_category":null,"rttpg_excerpt":null,"_links":{"self":[{"href":"https:\/\/theopah.com\/fr\/wp-json\/wp\/v2\/pages\/136","targetHints":{"allow":["GET"]}}],"collection":[{"href":"https:\/\/theopah.com\/fr\/wp-json\/wp\/v2\/pages"}],"about":[{"href":"https:\/\/theopah.com\/fr\/wp-json\/wp\/v2\/types\/page"}],"author":[{"embeddable":true,"href":"https:\/\/theopah.com\/fr\/wp-json\/wp\/v2\/users\/1"}],"replies":[{"embeddable":true,"href":"https:\/\/theopah.com\/fr\/wp-json\/wp\/v2\/comments?post=136"}],"version-history":[{"count":77,"href":"https:\/\/theopah.com\/fr\/wp-json\/wp\/v2\/pages\/136\/revisions"}],"predecessor-version":[{"id":1400,"href":"https:\/\/theopah.com\/fr\/wp-json\/wp\/v2\/pages\/136\/revisions\/1400"}],"wp:attachment":[{"href":"https:\/\/theopah.com\/fr\/wp-json\/wp\/v2\/media?parent=136"}],"curies":[{"name":"wp","href":"https:\/\/api.w.org\/{rel}","templated":true}]}}